{"id":74,"date":"2024-10-08T08:18:22","date_gmt":"2024-10-08T08:18:22","guid":{"rendered":"https:\/\/massimosilvestri.com\/?page_id=74"},"modified":"2026-03-24T11:47:34","modified_gmt":"2026-03-24T11:47:34","slug":"render-interni","status":"publish","type":"page","link":"https:\/\/massimosilvestri.com\/en\/render-interni\/","title":{"rendered":"Interior Renders"},"content":{"rendered":"<h3>a chi \u00e8 rivolto il servizio di render di interni<\/h3>\n\n\n<strong>Studi di Architettura<\/strong>: I clienti faticano a comprendere i progetti\n<strong>Agenzie Immobiliari<\/strong>: Immobili poco attraenti che non catturano l\u2019interesse\n<span style=\"font-weight: 700;\">Negozi di arredamento<\/span>: Mostrare ai clienti i progetti di arredo\n<strong>Privati<\/strong>: Tanti elementi da scegliere e combinare\n\n\n\n<p>Lorem Ipsum has been the industry&#8217;s standard dummy text ever since the 1500s.<\/p>\n\n\n\n\n<h3>come posso aiutarti<\/h3>\n\n\n<strong>Trasformo<\/strong> le tue idee e i tuoi progetti in immagini realistiche che catturano l\u2019essenza degli spazi\n<strong>Facilito<\/strong> la tua esperienza di progettazione, creando immagini coinvolgenti e dettagliate che rendono il processo decisionale pi\u00f9 chiaro.\n<strong>Organizzo<\/strong> il lavoro per step, con revisioni intermedie, per essere sempre allineati e arrivare in modo veloce e soddisfacente all&#8217;obiettivo&nbsp;\n\n\n\n<p>Lorem Ipsum has been the industry&#8217;s standard dummy text ever since the 1500s.<\/p>\n\n\n\n\n<h3>cosa possiamo realizzare<\/h3>\n\n\n\nPer studi di Architettura e Interior Design\n\n\nPer negozi di arredamento, agenzie immobiliare e privati\n\n\n\n\n\n\n<h3>lavori<\/h3>\n\n\n\n\n\n\n<h3>PERCH\u00e8 dovremmo lavorare insieme<\/h3>\n\n\n\n<h3>LAUREA IN ARCHITETTURA<\/h3>\n\n<p style=\"color: rgb(255, 255, 255);\">La mia formazione architettonica mi consente di tradurre le tue idee in immagini che rispettano i principi di progettazione, assicurando che ogni render rifletta un equilibrio tra forma e funzione<\/p>\n\n\n<h3>esperienza<\/h3>\n\n<p style=\"color: rgb(255, 255, 255);\">Ho acquisito anni di esperienza nel mondo della Visualizzazione 3D, collaborando con studi di Architettura e studi di Visualizzazione<\/p>\n\n\n<h3>software<\/h3>\n\n<p style=\"color: rgb(255, 255, 255);\">Utilizzo i migliori software per la creazione di render fotorealistici, studio e rimango sempre aggiornato sulle novit\u00e0 nell&#8217;ambito della Visualizzazione 3D&nbsp;<\/p>\n\n\n<h3>collaborazione<\/h3>\n\n<p style=\"color: rgb(255, 255, 255);\">Sono attento ai bisogni e alla visione del cliente, \u00e8 fondamentale per me l&#8217;interazione e l&#8217;organizzazione del lavoro.<\/p>\n\n\n\n\n\n\n<h3>Contact Me Now<\/h3>\n\n\n\n<p><span style=\"background-color: rgb(255, 255, 255);\">Get in touch without obligation to start a collaboration or just to request more information.<\/span><\/p>\n<p>Fill out the contact form, and I\u2019ll be happy to get back to you&nbsp;<\/p><span style=\"font-size: 12px\"><br><\/span>\n\n\n\n\n\n<div class=\"wpcf7 no-js\" id=\"wpcf7-f517-o1\" lang=\"it-IT\" dir=\"ltr\" data-wpcf7-id=\"517\">\n<div class=\"screen-reader-response\"><p role=\"status\" aria-live=\"polite\" aria-atomic=\"true\"><\/p> <ul><\/ul><\/div>\n<form action=\"\/en\/wp-json\/wp\/v2\/pages\/74#wpcf7-f517-o1\" method=\"post\" class=\"wpcf7-form init\" aria-label=\"Modulo di contatto\" novalidate=\"novalidate\" data-status=\"init\" data-trp-original-action=\"\/en\/wp-json\/wp\/v2\/pages\/74#wpcf7-f517-o1\">\n<div style=\"display: none;\">\n<input type=\"hidden\" name=\"_wpcf7\" value=\"517\" \/>\n<input type=\"hidden\" name=\"_wpcf7_version\" value=\"6.0.1\" \/>\n<input type=\"hidden\" name=\"_wpcf7_locale\" value=\"it_IT\" \/>\n<input type=\"hidden\" name=\"_wpcf7_unit_tag\" value=\"wpcf7-f517-o1\" \/>\n<input type=\"hidden\" name=\"_wpcf7_container_post\" value=\"0\" \/>\n<input type=\"hidden\" name=\"_wpcf7_posted_data_hash\" value=\"\" \/>\n<\/div>\n<p><label> Your name<br \/>\n<span class=\"wpcf7-form-control-wrap\" data-name=\"your-name\"><input size=\"40\" maxlength=\"400\" class=\"wpcf7-form-control wpcf7-text wpcf7-validates-as-required\" autocomplete=\"name\" aria-required=\"true\" aria-invalid=\"false\" value=\"\" type=\"text\" name=\"your-name\" \/><\/span> <\/label>\n<\/p>\n<p><label> Your email<br \/>\n<span class=\"wpcf7-form-control-wrap\" data-name=\"your-email\"><input size=\"40\" maxlength=\"400\" class=\"wpcf7-form-control wpcf7-email wpcf7-validates-as-required wpcf7-text wpcf7-validates-as-email\" autocomplete=\"email\" aria-required=\"true\" aria-invalid=\"false\" value=\"\" type=\"email\" name=\"your-email\" \/><\/span> <\/label>\n<\/p>\n<p><label> Phone Number (Optional)<br \/>\n<span class=\"wpcf7-form-control-wrap\" data-name=\"tel-952\"><input size=\"40\" maxlength=\"400\" class=\"wpcf7-form-control wpcf7-tel wpcf7-text wpcf7-validates-as-tel\" aria-invalid=\"false\" value=\"\" type=\"tel\" name=\"tel-952\" \/><\/span> <\/label>\n<\/p>\n<p><label> Subject<br \/>\n<span class=\"wpcf7-form-control-wrap\" data-name=\"your-subject\"><input size=\"40\" maxlength=\"400\" class=\"wpcf7-form-control wpcf7-text wpcf7-validates-as-required\" aria-required=\"true\" aria-invalid=\"false\" value=\"\" type=\"text\" name=\"your-subject\" \/><\/span> <\/label>\n<\/p>\n<p><label> Your Message<br \/>\n<span class=\"wpcf7-form-control-wrap\" data-name=\"your-message\"><textarea cols=\"40\" rows=\"10\" maxlength=\"2000\" class=\"wpcf7-form-control wpcf7-textarea wpcf7-validates-as-required\" aria-required=\"true\" aria-invalid=\"false\" name=\"your-message\"><\/textarea><\/span> <\/label>\n<\/p>\n<p><input class=\"wpcf7-form-control wpcf7-submit has-spinner\" type=\"submit\" value=\"Send\" \/>\n<\/p><div class=\"wpcf7-response-output\" aria-hidden=\"true\"><\/div>\n<input type=\"hidden\" name=\"trp-form-language\" value=\"en\"\/><\/form>\n<\/div>\n\n\n\n\n\n\n\n<h3>Testimonials<\/h3>\n\n\n\n\n\n\n<p>Questi rendering sono di alta qualit\u00e0 e Massimo ha fornito tutto ci\u00f2 che avevo richiesto e anche di pi\u00f9, consegnando i miei rendering in anticipo pur essendo flessibile con le mie richieste.<br><\/p>\n<p [object namednodemap]><span>Massimo \u00e8 un collaboratore incredibile, molto aperto ai suggerimenti e ha un occhio molto dettagliato. Consiglierei al 1000%<\/span><\/p>\n<p [object namednodemap]><span>Come al solito, Massimo \u00e8 stato un collaboratore straordinario. Lo contatterei di nuovo al 100%!<\/span><\/p>\n\n<style>#wprev-slider-1 .wprev_preview_bradius_T1 {border-radius: 1px;}#wprev-slider-1 .wprev_preview_bg1_T1::after{ border-top: 30px solid ; }<\/style><style><\/style><div class=\"wprev-slider revnotsameheight\" id=\"wprev-slider-1\" data-revsameheight=\"no\" data-onemobil=\"\" data-sliderautoplay=\"\"  data-slidespeed=\"1\" data-slideautodelay=\"5\" data-sliderhideprevnext=\"\" data-sliderhidedots=\"\" data-sliderfixedheight=\"\"><ul><li>\t\t<div class=\"wprevpro_t1_outer_div w3_wprs-row-padding\">\r\n\t\t\t\t<div class=\"wprevpro_t1_DIV_1 w3_wprs-col l12\">\r\n\t\t\t<div class=\"indrevdiv wprevpro_t1_DIV_2 wprev_preview_bg1_T1 wprev_preview_tcolor1_T1 wprev_preview_bradius_T1\">\r\n\t\t\t\t<p class=\"wprevpro_t1_P_3 wprev_preview_tcolor1_T1\">\r\n\t\t\t\t\t<span class=\"wprevpro_star_imgs_T1\"><span class=\"starloc1 wprevpro_star_imgs wprevpro_star_imgsloc1\"><span class=\"svgicons svg-wprsp-star\"><\/span><span class=\"svgicons svg-wprsp-star\"><\/span><span class=\"svgicons svg-wprsp-star\"><\/span><span class=\"svgicons svg-wprsp-star\"><\/span><span class=\"svgicons svg-wprsp-star\"><\/span><\/span><\/span><span class=\"verifiedloc1 wprevpro_verified_svg wprevtooltip\" data-wprevtooltip=\"Verified on Google\"><span class=\"svgicons svg-wprsp-verified\"><\/span><\/span>Collaboriamo da diversi anni e siamo sempre soddisfatti. Ottime capacit\u00e0 relazionali, Massimo \u00e8 sempre disponibile e propositivo nella creazione delle immagini: pronto a consigliare con competenza e a trovare soluzioni tempestive ed efficaci nel caso di necessit\u00e0. Molto veloce nella creazione e nelle modifiche dei bozzetti, immagini consegnate sempre nei tempi concordati.\t\t\t\t<\/p>\r\n\t\t\t\t\t\t\t\t<img decoding=\"async\" src=\"https:\/\/massimosilvestri.com\/wp-content\/plugins\/wp-google-places-review-slider\/public\/partials\/imgs\/google_small_icon.png\" alt=\"Google Logo\" class=\"wprevpro_t1_site_logo siteicon sitetype_Google\">\t\t\t<\/div><span class=\"wprevpro_t1_A_8\"><img decoding=\"async\" src=\"https:\/\/lh3.googleusercontent.com\/a\/ACg8ocIbLOBAZEkysWnxMinQHbzZ3od3RgRv9fWe6cJWO7Km2yW7A4M=s64-c-rp-mo-br100\" alt=\"Martina M Avatar\" class=\"wprevpro_t1_IMG_4\" loading=\"lazy\" \/><\/span> <span class=\"wprevpro_t1_SPAN_5 wprev_preview_tcolor2_T1\">Martina M<br\/><span class=\"wprev_showdate_T1\">October 29, 2025<\/span> <\/span>\r\n\t\t<\/div>\r\n\t\t<\/div>\r\n<\/li><li class=\"wprevnextslide\">\t\t<div class=\"wprevpro_t1_outer_div w3_wprs-row-padding\">\r\n\t\t\t\t<div class=\"wprevpro_t1_DIV_1 w3_wprs-col l12\">\r\n\t\t\t<div class=\"indrevdiv wprevpro_t1_DIV_2 wprev_preview_bg1_T1 wprev_preview_tcolor1_T1 wprev_preview_bradius_T1\">\r\n\t\t\t\t<p class=\"wprevpro_t1_P_3 wprev_preview_tcolor1_T1\">\r\n\t\t\t\t\t<span class=\"wprevpro_star_imgs_T1\"><span class=\"starloc1 wprevpro_star_imgs wprevpro_star_imgsloc1\"><span class=\"svgicons svg-wprsp-star\"><\/span><span class=\"svgicons svg-wprsp-star\"><\/span><span class=\"svgicons svg-wprsp-star\"><\/span><span class=\"svgicons svg-wprsp-star\"><\/span><span class=\"svgicons svg-wprsp-star\"><\/span><\/span><\/span><span class=\"verifiedloc1 wprevpro_verified_svg wprevtooltip\" data-wprevtooltip=\"Verified on Google\"><span class=\"svgicons svg-wprsp-verified\"><\/span><\/span>Collaboriamo da qualche tempo e la soddisfazione \u00e8 pi\u00f9 che positiva, ho trovato in Massimo un professionista attento e preciso, pur lavorando a distanza e con sistema digitali diversi abbiamo sempre raggiunto l'obiettivo finale.\t\t\t\t<\/p>\r\n\t\t\t\t\t\t\t\t<img decoding=\"async\" src=\"https:\/\/massimosilvestri.com\/wp-content\/plugins\/wp-google-places-review-slider\/public\/partials\/imgs\/google_small_icon.png\" alt=\"Google Logo\" class=\"wprevpro_t1_site_logo siteicon sitetype_Google\">\t\t\t<\/div><span class=\"wprevpro_t1_A_8\"><img decoding=\"async\" src=\"https:\/\/lh3.googleusercontent.com\/a-\/ALV-UjUybT9aqch43Td6mWT0B5ApivaBLtczpGYmM4UMu2NFWg3CMdC1=s64-c-rp-mo-ba4-br100\" alt=\"Massimo Cattaneo Avatar\" class=\"wprevpro_t1_IMG_4\" loading=\"lazy\" \/><\/span> <span class=\"wprevpro_t1_SPAN_5 wprev_preview_tcolor2_T1\">Massimo Cattaneo<br\/><span class=\"wprev_showdate_T1\">January 22, 2026<\/span> <\/span>\r\n\t\t<\/div>\r\n\t\t<\/div>\r\n<\/li><li class=\"wprevnextslide\">\t\t<div class=\"wprevpro_t1_outer_div w3_wprs-row-padding\">\r\n\t\t\t\t<div class=\"wprevpro_t1_DIV_1 w3_wprs-col l12\">\r\n\t\t\t<div class=\"indrevdiv wprevpro_t1_DIV_2 wprev_preview_bg1_T1 wprev_preview_tcolor1_T1 wprev_preview_bradius_T1\">\r\n\t\t\t\t<p class=\"wprevpro_t1_P_3 wprev_preview_tcolor1_T1\">\r\n\t\t\t\t\t<span class=\"wprevpro_star_imgs_T1\"><span class=\"starloc1 wprevpro_star_imgs wprevpro_star_imgsloc1\"><span class=\"svgicons svg-wprsp-star\"><\/span><span class=\"svgicons svg-wprsp-star\"><\/span><span class=\"svgicons svg-wprsp-star\"><\/span><span class=\"svgicons svg-wprsp-star\"><\/span><span class=\"svgicons svg-wprsp-star\"><\/span><\/span><\/span><span class=\"verifiedloc1 wprevpro_verified_svg wprevtooltip\" data-wprevtooltip=\"Verified on Google\"><span class=\"svgicons svg-wprsp-verified\"><\/span><\/span>Competente e veloce, consigliato!\t\t\t\t<\/p>\r\n\t\t\t\t\t\t\t\t<img decoding=\"async\" src=\"https:\/\/massimosilvestri.com\/wp-content\/plugins\/wp-google-places-review-slider\/public\/partials\/imgs\/google_small_icon.png\" alt=\"Google Logo\" class=\"wprevpro_t1_site_logo siteicon sitetype_Google\">\t\t\t<\/div><span class=\"wprevpro_t1_A_8\"><img decoding=\"async\" src=\"https:\/\/lh3.googleusercontent.com\/a-\/ALV-UjWh-JZaE-Z7AsSsone56dVrqnVlDVm31oGtJF2plW5vHnxX6Eo=s64-c-rp-mo-br100\" alt=\"Zanon Architetti Associati Avatar\" class=\"wprevpro_t1_IMG_4\" loading=\"lazy\" \/><\/span> <span class=\"wprevpro_t1_SPAN_5 wprev_preview_tcolor2_T1\">Zanon Architetti Associati<br\/><span class=\"wprev_showdate_T1\">October 29, 2025<\/span> <\/span>\r\n\t\t<\/div>\r\n\t\t<\/div>\r\n<\/li><\/ul><\/div>\r\n\n\n\n\n\n\n\n\n\n\n\n\n\n{&#8220;visual&#8221;:false,&#8221;title&#8221;:&#8221;&#8221;,&#8221;text&#8221;:&#8221;Non c&#8217;\u00e8 una regola, in base alle esigenze specifiche del cliente si concorda nel primo colloquio il materiale necessario&#8221;,&#8221;legacy&#8221;:false}\n\n\n\n\n\n\n<p>Of course, the client\u2019s requests come first. Together, we\u2019ll determine the best way to bring your ideas to life.<\/p>\n\n\n\n\n\n\n<p>Qualsiasi tipologia di render: ambientati, astratti, still life&#8230;.<\/p>","protected":false},"excerpt":{"rendered":"","protected":false},"author":1,"featured_media":0,"parent":0,"menu_order":0,"comment_status":"closed","ping_status":"closed","template":"","meta":{"pagelayer_contact_templates":[],"_pagelayer_content":"","footnotes":""},"class_list":["post-74","page","type-page","status-publish","hentry"],"yoast_head":"<!-- This site is optimized with the Yoast SEO plugin v23.6 - https:\/\/yoast.com\/wordpress\/plugins\/seo\/ -->\n<title>Render Interni - Massimo Silvestri Interior Designer\/Visual Artist Laureato in Architettura<\/title>\n<meta name=\"robots\" content=\"index, follow, max-snippet:-1, max-image-preview:large, max-video-preview:-1\" \/>\n<link rel=\"canonical\" href=\"https:\/\/massimosilvestri.com\/en\/render-interni\/\" \/>\n<meta property=\"og:locale\" content=\"en_GB\" \/>\n<meta property=\"og:type\" content=\"article\" \/>\n<meta property=\"og:title\" content=\"Render Interni - Massimo Silvestri Interior Designer\/Visual Artist Laureato in Architettura\" \/>\n<meta property=\"og:url\" content=\"https:\/\/massimosilvestri.com\/en\/render-interni\/\" \/>\n<meta property=\"og:site_name\" content=\"Massimo Silvestri Interior Designer\/Visual Artist Laureato in Architettura\" \/>\n<meta property=\"article:modified_time\" content=\"2026-03-24T11:47:34+00:00\" \/>\n<meta name=\"twitter:card\" content=\"summary_large_image\" \/>\n<meta name=\"twitter:label1\" content=\"Estimated reading time\" \/>\n\t<meta name=\"twitter:data1\" content=\"4 minutes\" \/>\n<script type=\"application\/ld+json\" class=\"yoast-schema-graph\">{\"@context\":\"https:\/\/schema.org\",\"@graph\":[{\"@type\":\"WebPage\",\"@id\":\"https:\/\/massimosilvestri.com\/render-interni\/\",\"url\":\"https:\/\/massimosilvestri.com\/render-interni\/\",\"name\":\"Render Interni - Massimo Silvestri Interior Designer\/Visual Artist Laureato in Architettura\",\"isPartOf\":{\"@id\":\"https:\/\/massimosilvestri.com\/#website\"},\"datePublished\":\"2024-10-08T08:18:22+00:00\",\"dateModified\":\"2026-03-24T11:47:34+00:00\",\"breadcrumb\":{\"@id\":\"https:\/\/massimosilvestri.com\/render-interni\/#breadcrumb\"},\"inLanguage\":\"en-GB\",\"potentialAction\":[{\"@type\":\"ReadAction\",\"target\":[\"https:\/\/massimosilvestri.com\/render-interni\/\"]}]},{\"@type\":\"BreadcrumbList\",\"@id\":\"https:\/\/massimosilvestri.com\/render-interni\/#breadcrumb\",\"itemListElement\":[{\"@type\":\"ListItem\",\"position\":1,\"name\":\"Home\",\"item\":\"https:\/\/massimosilvestri.com\/\"},{\"@type\":\"ListItem\",\"position\":2,\"name\":\"Render Interni\"}]},{\"@type\":\"WebSite\",\"@id\":\"https:\/\/massimosilvestri.com\/#website\",\"url\":\"https:\/\/massimosilvestri.com\/\",\"name\":\"Massimo Silvestri Architetto Specializzato in Render\",\"description\":\"\",\"publisher\":{\"@id\":\"https:\/\/massimosilvestri.com\/#organization\"},\"potentialAction\":[{\"@type\":\"SearchAction\",\"target\":{\"@type\":\"EntryPoint\",\"urlTemplate\":\"https:\/\/massimosilvestri.com\/?s={search_term_string}\"},\"query-input\":{\"@type\":\"PropertyValueSpecification\",\"valueRequired\":true,\"valueName\":\"search_term_string\"}}],\"inLanguage\":\"en-GB\"},{\"@type\":\"Organization\",\"@id\":\"https:\/\/massimosilvestri.com\/#organization\",\"name\":\"Massimo Silvestri Architetto Specializzato in Render\",\"url\":\"https:\/\/massimosilvestri.com\/\",\"logo\":{\"@type\":\"ImageObject\",\"inLanguage\":\"en-GB\",\"@id\":\"https:\/\/massimosilvestri.com\/#\/schema\/logo\/image\/\",\"url\":\"https:\/\/massimosilvestri.com\/wp-content\/uploads\/2024\/09\/Massimo-Silvestri-Architetto-Specializzato-in-Render-a-Padova.jpg\",\"contentUrl\":\"https:\/\/massimosilvestri.com\/wp-content\/uploads\/2024\/09\/Massimo-Silvestri-Architetto-Specializzato-in-Render-a-Padova.jpg\",\"width\":2000,\"height\":2000,\"caption\":\"Massimo Silvestri Architetto Specializzato in Render\"},\"image\":{\"@id\":\"https:\/\/massimosilvestri.com\/#\/schema\/logo\/image\/\"}}]}<\/script>\n<!-- \/ Yoast SEO plugin. -->","yoast_head_json":{"title":"Render Interni - Massimo Silvestri Interior Designer\/Visual Artist Laureato in Architettura","robots":{"index":"index","follow":"follow","max-snippet":"max-snippet:-1","max-image-preview":"max-image-preview:large","max-video-preview":"max-video-preview:-1"},"canonical":"https:\/\/massimosilvestri.com\/en\/render-interni\/","og_locale":"en_GB","og_type":"article","og_title":"Render Interni - Massimo Silvestri Interior Designer\/Visual Artist Laureato in Architettura","og_url":"https:\/\/massimosilvestri.com\/en\/render-interni\/","og_site_name":"Massimo Silvestri Interior Designer\/Visual Artist Laureato in Architettura","article_modified_time":"2026-03-24T11:47:34+00:00","twitter_card":"summary_large_image","twitter_misc":{"Estimated reading time":"4 minutes"},"schema":{"@context":"https:\/\/schema.org","@graph":[{"@type":"WebPage","@id":"https:\/\/massimosilvestri.com\/render-interni\/","url":"https:\/\/massimosilvestri.com\/render-interni\/","name":"Render Interni - Massimo Silvestri Interior Designer\/Visual Artist Laureato in Architettura","isPartOf":{"@id":"https:\/\/massimosilvestri.com\/#website"},"datePublished":"2024-10-08T08:18:22+00:00","dateModified":"2026-03-24T11:47:34+00:00","breadcrumb":{"@id":"https:\/\/massimosilvestri.com\/render-interni\/#breadcrumb"},"inLanguage":"en-GB","potentialAction":[{"@type":"ReadAction","target":["https:\/\/massimosilvestri.com\/render-interni\/"]}]},{"@type":"BreadcrumbList","@id":"https:\/\/massimosilvestri.com\/render-interni\/#breadcrumb","itemListElement":[{"@type":"ListItem","position":1,"name":"Home","item":"https:\/\/massimosilvestri.com\/"},{"@type":"ListItem","position":2,"name":"Render Interni"}]},{"@type":"WebSite","@id":"https:\/\/massimosilvestri.com\/#website","url":"https:\/\/massimosilvestri.com\/","name":"Massimo Silvestri Architetto Specializzato in Render","description":"","publisher":{"@id":"https:\/\/massimosilvestri.com\/#organization"},"potentialAction":[{"@type":"SearchAction","target":{"@type":"EntryPoint","urlTemplate":"https:\/\/massimosilvestri.com\/?s={search_term_string}"},"query-input":{"@type":"PropertyValueSpecification","valueRequired":true,"valueName":"search_term_string"}}],"inLanguage":"en-GB"},{"@type":"Organization","@id":"https:\/\/massimosilvestri.com\/#organization","name":"Massimo Silvestri Architetto Specializzato in Render","url":"https:\/\/massimosilvestri.com\/","logo":{"@type":"ImageObject","inLanguage":"en-GB","@id":"https:\/\/massimosilvestri.com\/#\/schema\/logo\/image\/","url":"https:\/\/massimosilvestri.com\/wp-content\/uploads\/2024\/09\/Massimo-Silvestri-Architetto-Specializzato-in-Render-a-Padova.jpg","contentUrl":"https:\/\/massimosilvestri.com\/wp-content\/uploads\/2024\/09\/Massimo-Silvestri-Architetto-Specializzato-in-Render-a-Padova.jpg","width":2000,"height":2000,"caption":"Massimo Silvestri Architetto Specializzato in Render"},"image":{"@id":"https:\/\/massimosilvestri.com\/#\/schema\/logo\/image\/"}}]}},"_links":{"self":[{"href":"https:\/\/massimosilvestri.com\/en\/wp-json\/wp\/v2\/pages\/74","targetHints":{"allow":["GET"]}}],"collection":[{"href":"https:\/\/massimosilvestri.com\/en\/wp-json\/wp\/v2\/pages"}],"about":[{"href":"https:\/\/massimosilvestri.com\/en\/wp-json\/wp\/v2\/types\/page"}],"author":[{"embeddable":true,"href":"https:\/\/massimosilvestri.com\/en\/wp-json\/wp\/v2\/users\/1"}],"replies":[{"embeddable":true,"href":"https:\/\/massimosilvestri.com\/en\/wp-json\/wp\/v2\/comments?post=74"}],"version-history":[{"count":67,"href":"https:\/\/massimosilvestri.com\/en\/wp-json\/wp\/v2\/pages\/74\/revisions"}],"predecessor-version":[{"id":743,"href":"https:\/\/massimosilvestri.com\/en\/wp-json\/wp\/v2\/pages\/74\/revisions\/743"}],"wp:attachment":[{"href":"https:\/\/massimosilvestri.com\/en\/wp-json\/wp\/v2\/media?parent=74"}],"curies":[{"name":"wp","href":"https:\/\/api.w.org\/{rel}","templated":true}]}}