{"id":55,"date":"2024-09-23T08:59:20","date_gmt":"2024-09-23T08:59:20","guid":{"rendered":"https:\/\/massimosilvestri.com\/about\/"},"modified":"2026-03-24T11:46:12","modified_gmt":"2026-03-24T11:46:12","slug":"chi-sono","status":"publish","type":"page","link":"https:\/\/massimosilvestri.com\/en\/chi-sono\/","title":{"rendered":"About me"},"content":{"rendered":"<h3>ciao!<\/h3>\n\n\n<p>Mi chiamo Massimo, ho una laurea triennale e magistrale in Architettura con 110 e lode, negli anni mi sono specializzato nella visualizzazione 3D, con anni di esperienza nella creazione di render per Architettura, Interior Design e prodotti di qualsiasi tipo. La mia passione per il settore mi spinge a rimanere sempre aggiornato sulle ultime novit\u00e0 e tecnologie. Ogni progetto \u00e8 per me un&#8217;opportunit\u00e0 per trasformare idee in immagini suggestive e coinvolgenti. Con un approccio professionale e attento ai dettagli, sono qui per dare vita alle tue visioni. Contattami e troveremo insieme la soluzione perfetta per le tue esigenze!<br><\/p><p><br><\/p><p><span style=\"font-size: 14px\"><strong>Massimo Silvestri &#8211; Founder<\/strong><\/span><\/p>\n\n\n\n\n\n\n<h3>Contact Me Now<\/h3>\n\n\n\n<p>Get in touch without obligation to start a collaboration or just to request more information. <\/p>\n<p>Fill out the contact form, and I\u2019ll be happy to get back to you&nbsp;<\/p><span style=\"font-size: 12px\"><br><\/span>\n\n\n\n\n\n<div class=\"wpcf7 no-js\" id=\"wpcf7-f517-o1\" lang=\"it-IT\" dir=\"ltr\" data-wpcf7-id=\"517\">\n<div class=\"screen-reader-response\"><p role=\"status\" aria-live=\"polite\" aria-atomic=\"true\"><\/p> <ul><\/ul><\/div>\n<form action=\"\/en\/wp-json\/wp\/v2\/pages\/55#wpcf7-f517-o1\" method=\"post\" class=\"wpcf7-form init\" aria-label=\"Modulo di contatto\" novalidate=\"novalidate\" data-status=\"init\" data-trp-original-action=\"\/en\/wp-json\/wp\/v2\/pages\/55#wpcf7-f517-o1\">\n<div style=\"display: none;\">\n<input type=\"hidden\" name=\"_wpcf7\" value=\"517\" \/>\n<input type=\"hidden\" name=\"_wpcf7_version\" value=\"6.0.1\" \/>\n<input type=\"hidden\" name=\"_wpcf7_locale\" value=\"it_IT\" \/>\n<input type=\"hidden\" name=\"_wpcf7_unit_tag\" value=\"wpcf7-f517-o1\" \/>\n<input type=\"hidden\" name=\"_wpcf7_container_post\" value=\"0\" \/>\n<input type=\"hidden\" name=\"_wpcf7_posted_data_hash\" value=\"\" \/>\n<\/div>\n<p><label> Your name<br \/>\n<span class=\"wpcf7-form-control-wrap\" data-name=\"your-name\"><input size=\"40\" maxlength=\"400\" class=\"wpcf7-form-control wpcf7-text wpcf7-validates-as-required\" autocomplete=\"name\" aria-required=\"true\" aria-invalid=\"false\" value=\"\" type=\"text\" name=\"your-name\" \/><\/span> <\/label>\n<\/p>\n<p><label> Your email<br \/>\n<span class=\"wpcf7-form-control-wrap\" data-name=\"your-email\"><input size=\"40\" maxlength=\"400\" class=\"wpcf7-form-control wpcf7-email wpcf7-validates-as-required wpcf7-text wpcf7-validates-as-email\" autocomplete=\"email\" aria-required=\"true\" aria-invalid=\"false\" value=\"\" type=\"email\" name=\"your-email\" \/><\/span> <\/label>\n<\/p>\n<p><label> Phone Number (Optional)<br \/>\n<span class=\"wpcf7-form-control-wrap\" data-name=\"tel-952\"><input size=\"40\" maxlength=\"400\" class=\"wpcf7-form-control wpcf7-tel wpcf7-text wpcf7-validates-as-tel\" aria-invalid=\"false\" value=\"\" type=\"tel\" name=\"tel-952\" \/><\/span> <\/label>\n<\/p>\n<p><label> Subject<br \/>\n<span class=\"wpcf7-form-control-wrap\" data-name=\"your-subject\"><input size=\"40\" maxlength=\"400\" class=\"wpcf7-form-control wpcf7-text wpcf7-validates-as-required\" aria-required=\"true\" aria-invalid=\"false\" value=\"\" type=\"text\" name=\"your-subject\" \/><\/span> <\/label>\n<\/p>\n<p><label> Your Message<br \/>\n<span class=\"wpcf7-form-control-wrap\" data-name=\"your-message\"><textarea cols=\"40\" rows=\"10\" maxlength=\"2000\" class=\"wpcf7-form-control wpcf7-textarea wpcf7-validates-as-required\" aria-required=\"true\" aria-invalid=\"false\" name=\"your-message\"><\/textarea><\/span> <\/label>\n<\/p>\n<p><input class=\"wpcf7-form-control wpcf7-submit has-spinner\" type=\"submit\" value=\"Send\" \/>\n<\/p><div class=\"wpcf7-response-output\" aria-hidden=\"true\"><\/div>\n<input type=\"hidden\" name=\"trp-form-language\" value=\"en\"\/><\/form>\n<\/div>\n\n\n\n\n\n\n\n\n<h4 [object namednodemap]>TRASFORMA LE TUE IDEE IN IMMAGINI<\/h4>","protected":false},"excerpt":{"rendered":"","protected":false},"author":1,"featured_media":0,"parent":0,"menu_order":0,"comment_status":"closed","ping_status":"closed","template":"","meta":{"pagelayer_contact_templates":[],"_pagelayer_content":"","footnotes":""},"class_list":["post-55","page","type-page","status-publish","hentry"],"yoast_head":"<!-- This site is optimized with the Yoast SEO plugin v23.6 - https:\/\/yoast.com\/wordpress\/plugins\/seo\/ -->\n<title>Chi sono - Massimo Silvestri Interior Designer\/Visual Artist Laureato in Architettura<\/title>\n<meta name=\"robots\" content=\"index, follow, max-snippet:-1, max-image-preview:large, max-video-preview:-1\" \/>\n<link rel=\"canonical\" href=\"https:\/\/massimosilvestri.com\/en\/chi-sono\/\" \/>\n<meta property=\"og:locale\" content=\"en_GB\" \/>\n<meta property=\"og:type\" content=\"article\" \/>\n<meta property=\"og:title\" content=\"Chi sono - Massimo Silvestri Interior Designer\/Visual Artist Laureato in Architettura\" \/>\n<meta property=\"og:url\" content=\"https:\/\/massimosilvestri.com\/en\/chi-sono\/\" \/>\n<meta property=\"og:site_name\" content=\"Massimo Silvestri Interior Designer\/Visual Artist Laureato in Architettura\" \/>\n<meta property=\"article:modified_time\" content=\"2026-03-24T11:46:12+00:00\" \/>\n<meta name=\"twitter:card\" content=\"summary_large_image\" \/>\n<meta name=\"twitter:label1\" content=\"Estimated reading time\" \/>\n\t<meta name=\"twitter:data1\" content=\"1 minute\" \/>\n<script type=\"application\/ld+json\" class=\"yoast-schema-graph\">{\"@context\":\"https:\/\/schema.org\",\"@graph\":[{\"@type\":\"WebPage\",\"@id\":\"https:\/\/massimosilvestri.com\/chi-sono\/\",\"url\":\"https:\/\/massimosilvestri.com\/chi-sono\/\",\"name\":\"Chi sono - Massimo Silvestri Interior Designer\/Visual Artist Laureato in Architettura\",\"isPartOf\":{\"@id\":\"https:\/\/massimosilvestri.com\/#website\"},\"datePublished\":\"2024-09-23T08:59:20+00:00\",\"dateModified\":\"2026-03-24T11:46:12+00:00\",\"breadcrumb\":{\"@id\":\"https:\/\/massimosilvestri.com\/chi-sono\/#breadcrumb\"},\"inLanguage\":\"en-GB\",\"potentialAction\":[{\"@type\":\"ReadAction\",\"target\":[\"https:\/\/massimosilvestri.com\/chi-sono\/\"]}]},{\"@type\":\"BreadcrumbList\",\"@id\":\"https:\/\/massimosilvestri.com\/chi-sono\/#breadcrumb\",\"itemListElement\":[{\"@type\":\"ListItem\",\"position\":1,\"name\":\"Home\",\"item\":\"https:\/\/massimosilvestri.com\/\"},{\"@type\":\"ListItem\",\"position\":2,\"name\":\"Chi sono\"}]},{\"@type\":\"WebSite\",\"@id\":\"https:\/\/massimosilvestri.com\/#website\",\"url\":\"https:\/\/massimosilvestri.com\/\",\"name\":\"Massimo Silvestri Architetto Specializzato in Render\",\"description\":\"\",\"publisher\":{\"@id\":\"https:\/\/massimosilvestri.com\/#organization\"},\"potentialAction\":[{\"@type\":\"SearchAction\",\"target\":{\"@type\":\"EntryPoint\",\"urlTemplate\":\"https:\/\/massimosilvestri.com\/?s={search_term_string}\"},\"query-input\":{\"@type\":\"PropertyValueSpecification\",\"valueRequired\":true,\"valueName\":\"search_term_string\"}}],\"inLanguage\":\"en-GB\"},{\"@type\":\"Organization\",\"@id\":\"https:\/\/massimosilvestri.com\/#organization\",\"name\":\"Massimo Silvestri Architetto Specializzato in Render\",\"url\":\"https:\/\/massimosilvestri.com\/\",\"logo\":{\"@type\":\"ImageObject\",\"inLanguage\":\"en-GB\",\"@id\":\"https:\/\/massimosilvestri.com\/#\/schema\/logo\/image\/\",\"url\":\"https:\/\/massimosilvestri.com\/wp-content\/uploads\/2024\/09\/Massimo-Silvestri-Architetto-Specializzato-in-Render-a-Padova.jpg\",\"contentUrl\":\"https:\/\/massimosilvestri.com\/wp-content\/uploads\/2024\/09\/Massimo-Silvestri-Architetto-Specializzato-in-Render-a-Padova.jpg\",\"width\":2000,\"height\":2000,\"caption\":\"Massimo Silvestri Architetto Specializzato in Render\"},\"image\":{\"@id\":\"https:\/\/massimosilvestri.com\/#\/schema\/logo\/image\/\"}}]}<\/script>\n<!-- \/ Yoast SEO plugin. -->","yoast_head_json":{"title":"Chi sono - Massimo Silvestri Interior Designer\/Visual Artist Laureato in Architettura","robots":{"index":"index","follow":"follow","max-snippet":"max-snippet:-1","max-image-preview":"max-image-preview:large","max-video-preview":"max-video-preview:-1"},"canonical":"https:\/\/massimosilvestri.com\/en\/chi-sono\/","og_locale":"en_GB","og_type":"article","og_title":"Chi sono - Massimo Silvestri Interior Designer\/Visual Artist Laureato in Architettura","og_url":"https:\/\/massimosilvestri.com\/en\/chi-sono\/","og_site_name":"Massimo Silvestri Interior Designer\/Visual Artist Laureato in Architettura","article_modified_time":"2026-03-24T11:46:12+00:00","twitter_card":"summary_large_image","twitter_misc":{"Estimated reading time":"1 minute"},"schema":{"@context":"https:\/\/schema.org","@graph":[{"@type":"WebPage","@id":"https:\/\/massimosilvestri.com\/chi-sono\/","url":"https:\/\/massimosilvestri.com\/chi-sono\/","name":"Chi sono - Massimo Silvestri Interior Designer\/Visual Artist Laureato in Architettura","isPartOf":{"@id":"https:\/\/massimosilvestri.com\/#website"},"datePublished":"2024-09-23T08:59:20+00:00","dateModified":"2026-03-24T11:46:12+00:00","breadcrumb":{"@id":"https:\/\/massimosilvestri.com\/chi-sono\/#breadcrumb"},"inLanguage":"en-GB","potentialAction":[{"@type":"ReadAction","target":["https:\/\/massimosilvestri.com\/chi-sono\/"]}]},{"@type":"BreadcrumbList","@id":"https:\/\/massimosilvestri.com\/chi-sono\/#breadcrumb","itemListElement":[{"@type":"ListItem","position":1,"name":"Home","item":"https:\/\/massimosilvestri.com\/"},{"@type":"ListItem","position":2,"name":"Chi sono"}]},{"@type":"WebSite","@id":"https:\/\/massimosilvestri.com\/#website","url":"https:\/\/massimosilvestri.com\/","name":"Massimo Silvestri Architetto Specializzato in Render","description":"","publisher":{"@id":"https:\/\/massimosilvestri.com\/#organization"},"potentialAction":[{"@type":"SearchAction","target":{"@type":"EntryPoint","urlTemplate":"https:\/\/massimosilvestri.com\/?s={search_term_string}"},"query-input":{"@type":"PropertyValueSpecification","valueRequired":true,"valueName":"search_term_string"}}],"inLanguage":"en-GB"},{"@type":"Organization","@id":"https:\/\/massimosilvestri.com\/#organization","name":"Massimo Silvestri Architetto Specializzato in Render","url":"https:\/\/massimosilvestri.com\/","logo":{"@type":"ImageObject","inLanguage":"en-GB","@id":"https:\/\/massimosilvestri.com\/#\/schema\/logo\/image\/","url":"https:\/\/massimosilvestri.com\/wp-content\/uploads\/2024\/09\/Massimo-Silvestri-Architetto-Specializzato-in-Render-a-Padova.jpg","contentUrl":"https:\/\/massimosilvestri.com\/wp-content\/uploads\/2024\/09\/Massimo-Silvestri-Architetto-Specializzato-in-Render-a-Padova.jpg","width":2000,"height":2000,"caption":"Massimo Silvestri Architetto Specializzato in Render"},"image":{"@id":"https:\/\/massimosilvestri.com\/#\/schema\/logo\/image\/"}}]}},"_links":{"self":[{"href":"https:\/\/massimosilvestri.com\/en\/wp-json\/wp\/v2\/pages\/55","targetHints":{"allow":["GET"]}}],"collection":[{"href":"https:\/\/massimosilvestri.com\/en\/wp-json\/wp\/v2\/pages"}],"about":[{"href":"https:\/\/massimosilvestri.com\/en\/wp-json\/wp\/v2\/types\/page"}],"author":[{"embeddable":true,"href":"https:\/\/massimosilvestri.com\/en\/wp-json\/wp\/v2\/users\/1"}],"replies":[{"embeddable":true,"href":"https:\/\/massimosilvestri.com\/en\/wp-json\/wp\/v2\/comments?post=55"}],"version-history":[{"count":20,"href":"https:\/\/massimosilvestri.com\/en\/wp-json\/wp\/v2\/pages\/55\/revisions"}],"predecessor-version":[{"id":742,"href":"https:\/\/massimosilvestri.com\/en\/wp-json\/wp\/v2\/pages\/55\/revisions\/742"}],"wp:attachment":[{"href":"https:\/\/massimosilvestri.com\/en\/wp-json\/wp\/v2\/media?parent=55"}],"curies":[{"name":"wp","href":"https:\/\/api.w.org\/{rel}","templated":true}]}}